{"id":1424,"date":"2016-09-20T10:04:20","date_gmt":"2016-09-20T10:04:20","guid":{"rendered":"http:\/\/vangard.edge-themes.com\/?page_id=1424"},"modified":"2023-02-28T08:48:42","modified_gmt":"2023-02-28T08:48:42","slug":"serveis","status":"publish","type":"page","link":"https:\/\/www.wacamole.net\/es\/serveis\/","title":{"rendered":"Servicios"},"content":{"rendered":"<body><p>[vc_row css=\u201d.vc_custom_1609842081184{padding-top: 250px !important;padding-bottom: 250px !important;background-image: url(https:\/\/www.wacamole.net\/wp-content\/uploads\/2019\/06\/serveis-bons.jpg?id=12365) !important;}\u201d][vc_column][vc_column_text]<\/p>\n<h1 style=\"text-align: center;\">Servicios<\/h1>\n<p>[\/vc_column_text][\/vc_column][\/vc_row][vc_row row_type=\u201d\u201d content_width=\u201d\u201d header_style=\u201d\u201d anchor=\u201d\u201d content_aligment=\u201d\u201d video=\u201d\u201d video_overlay=\u201d\u201d full_screen_section_height=\u201d\u201d vertically_align_content_in_middle=\u201d\u201d css_animation=\u201d\u201d css=\u201d.vc_custom_1663155056744{padding-top: 100px !important;}\u201d el_id=\u201d\u201d el_class=\u201d\u201d video_overlay_image=\u201d\u201d video_webm=\u201d\u201d video_mp4=\u201d\u201d video_ogv=\u201d\u201d video_image=\u201d\u201d section_height=\u201d\u201d parallax_background_image=\u201d\u201d parallax_speed=\u201d\u201d][vc_column width=\u201d1\/2\u2033 css=\u201d.vc_custom_1663148241762{padding-right: 30px !important;padding-left: 30px !important;}\u201d][vc_empty_space height=\u201d22px\u201d][vc_single_image image=\u201d13656\u2033 img_size=\u201dfull\u201d alignment=\u201dcenter\u201d][\/vc_column][vc_column width=\u201d1\/2\u2033 css=\u201d.vc_custom_1663147661255{padding-right: 30px !important;padding-left: 30px !important;}\u201d][vc_column_text]<\/p>\n<h3 style=\"text-align: left;\">Branding<\/h3>\n<p class=\"p1\" style=\"text-align: left;\">Es muy importante causar una impresi\u00f3n memorable en los consumidores. Para conseguirlo te ayudamos a <strong>distinguir tu empresa<\/strong> de la competencia y aclarar qu\u00e9 es lo que se est\u00e1 ofreciendo, qui\u00e9n eres como empresa y c\u00f3mo deseas ser percibido.<\/p>\n<p>[\/vc_column_text][\/vc_column][\/vc_row][vc_row content_width=\u201dgrid\u201d content_aligment=\u201dcenter\u201d css=\u201d.vc_custom_1663151797988{padding-top: 100px !important;}\u201d][vc_column width=\u201d1\/2\u2033 css=\u201d.vc_custom_1663148241762{padding-right: 30px !important;padding-left: 30px !important;}\u201d][vc_column_text]<\/p>\n<h3 style=\"text-align: left;\">Dise\u00f1o Web<\/h3>\n<p class=\"p1\" style=\"text-align: left;\">Cuando una empresa cuenta con un dise\u00f1o de\u00a0<b>p\u00e1gina web<\/b>\u00a0adaptada a sus necesidades, eleva su reputaci\u00f3n, a la vez que permite que sus clientes aumenten el nivel de confianza en el producto o servicio que ofrece. Un sitio web ayuda a incrementar las ventas, la productividad y el valor en el mercado.<\/p>\n<p>[\/vc_column_text][\/vc_column][vc_column width=\u201d1\/2\u2033 css=\u201d.vc_custom_1663147661255{padding-right: 30px !important;padding-left: 30px !important;}\u201d][vc_empty_space height=\u201d22px\u201d][vc_single_image image=\u201d13662\u2033 img_size=\u201dfull\u201d alignment=\u201dcenter\u201d][\/vc_column][\/vc_row][vc_row content_width=\u201dgrid\u201d content_aligment=\u201dcenter\u201d css=\u201d.vc_custom_1663148536272{padding-top: 100px !important;}\u201d][vc_column width=\u201d1\/2\u2033 css=\u201d.vc_custom_1663148241762{padding-right: 30px !important;padding-left: 30px !important;}\u201d][vc_empty_space height=\u201d22px\u201d][vc_single_image image=\u201d13689\u2033 img_size=\u201dfull\u201d alignment=\u201dcenter\u201d][\/vc_column][vc_column width=\u201d1\/2\u2033 css=\u201d.vc_custom_1663147661255{padding-right: 30px !important;padding-left: 30px !important;}\u201d][vc_column_text]<\/p>\n<h3 style=\"text-align: left;\">Identidad Corporativa<\/h3>\n<p class=\"p1\" style=\"text-align: left;\">El dise\u00f1o del logotipo, la tipograf\u00eda, el eslogan de una empresa e incluso los colores que se usan, tienen un efecto en la percepci\u00f3n de las personas muy poderosa. Es por eso que en Wacamole Studio trabajamos para obtener un resultado <strong>\u00fanico y personal<\/strong> para cada uno de nuestros clientes.<\/p>\n<p>[\/vc_column_text][\/vc_column][vc_column][vc_empty_space height=\u201d52px\u201d][\/vc_column][\/vc_row][vc_row content_width=\u201dgrid\u201d css=\u201d.vc_custom_1558518503937{padding-top: 125px !important;padding-bottom: 106px !important;background-color: #ffffff !important;}\u201d][vc_column offset=\u201dvc_col-lg-6 vc_col-md-12 vc_col-xs-12\u2033]<div class=\"mkd-elements-holder mkd-responsive-mode-768\" ><div class=\"mkd-elements-holder-item \" data-item-class=\"mkd-elements-holder-custom-659084\" data-768-1024=\"0 30% 0 0\" data-600-768=\"10% 13% 0 0\" data-480-600=\"4% 4% 0 0\" data-480=\"4% 4% 0 0\" >\r\n\t\t<div class=\"mkd-elements-holder-item-inner\">\r\n\t\t<div class=\"mkd-elements-holder-item-content mkd-elements-holder-custom-659084\" style=\"padding: 0 13% 0 0\">\r\n\t\t\t[vc_empty_space height=\u201d80px\u201d][vc_column_text]<\/p>\n<h2>\u00bfQue hacemos?<\/h2>\n<p>[\/vc_column_text][vc_empty_space height=\u201d10px\u201d][vc_column_text]Nuestra filosof\u00eda se basa en el trabajo en conjunto con el cliente, escuchando sus necesidades y encontrando el mejor camino a seguir para generar piezas de dise\u00f1o que posicionen su marca y\/o producto y de este modo proyectar de la forma m\u00e1s eficaz la imagen de su empresa. Siempre desde la creatividad para buscar la diferenciaci\u00f3n, para nosotros es \u00a0importante que la \u00a0visualizaci\u00f3n de nuestras campa\u00f1as y trabajos sea lo m\u00e1s atractivo para el cliente.[\/vc_column_text][vc_empty_space height=\u201d38px\u201d]<a href=\"https:\/\/www.wacamole.net\/es\/contacte\/\" target=\"_self\"  class=\"mkd-btn mkd-btn-medium mkd-btn-solid mkd-btn-bckg-hover\"  >\r\n\t\t\t<span class=\"mkd-btn-text\">Solicita Presupuesto<\/span>\r\n\t    <\/a>[vc_empty_space height=\u201d40px\u201d]\t\t<\/div>\r\n\t<\/div>\r\n<\/div><\/div>[\/vc_column][vc_column offset=\u201dvc_col-lg-6 vc_col-md-12 vc_col-xs-12\u2033]<div class=\"mkd-elements-holder mkd-responsive-mode-768\" ><div class=\"mkd-elements-holder-item \" data-item-class=\"mkd-elements-holder-custom-961480\" >\r\n\t\t<div class=\"mkd-elements-holder-item-inner\">\r\n\t\t<div class=\"mkd-elements-holder-item-content mkd-elements-holder-custom-961480\" style=\"padding: 0 7% 0 0%\">\r\n\t\t\t[vc_empty_space height=\u201d40px\u201d]<div class=\"mkd-progress-bar mkd-progress-bar-dark\">\r\n\t<h6 class=\"mkd-progress-title-holder clearfix\">\r\n\t\t<span class=\"mkd-progress-title\">Creatividad<\/span>\r\n\t\t<span class=\"mkd-progress-number-wrapper mkd-floating \" >\r\n\t\t\t<span class=\"mkd-progress-number\">\r\n\t\t\t\t<span class=\"mkd-percent\">0<\/span>\r\n\t\t\t<\/span>\r\n\t\t<\/span>\r\n\t<\/h6>\r\n\t<div class=\"mkd-progress-content-outer \">\r\n\t\t<div data-percentage=100 class=\"mkd-progress-content\" ><\/div>\r\n\t<\/div>\r\n<\/div>\t[vc_empty_space height=\u201d2px\u201d]<div class=\"mkd-progress-bar mkd-progress-bar-dark\">\r\n\t<h6 class=\"mkd-progress-title-holder clearfix\">\r\n\t\t<span class=\"mkd-progress-title\">Dise\u00f1o Gr\u00e1fico<\/span>\r\n\t\t<span class=\"mkd-progress-number-wrapper mkd-floating \" >\r\n\t\t\t<span class=\"mkd-progress-number\">\r\n\t\t\t\t<span class=\"mkd-percent\">0<\/span>\r\n\t\t\t<\/span>\r\n\t\t<\/span>\r\n\t<\/h6>\r\n\t<div class=\"mkd-progress-content-outer \">\r\n\t\t<div data-percentage=90 class=\"mkd-progress-content\" ><\/div>\r\n\t<\/div>\r\n<\/div>\t[vc_empty_space height=\u201d13px\u201d]<div class=\"mkd-progress-bar mkd-progress-bar-dark\">\r\n\t<h6 class=\"mkd-progress-title-holder clearfix\">\r\n\t\t<span class=\"mkd-progress-title\">Illustrator &amp; Photoshop<\/span>\r\n\t\t<span class=\"mkd-progress-number-wrapper mkd-floating \" >\r\n\t\t\t<span class=\"mkd-progress-number\">\r\n\t\t\t\t<span class=\"mkd-percent\">0<\/span>\r\n\t\t\t<\/span>\r\n\t\t<\/span>\r\n\t<\/h6>\r\n\t<div class=\"mkd-progress-content-outer \">\r\n\t\t<div data-percentage=85 class=\"mkd-progress-content\" ><\/div>\r\n\t<\/div>\r\n<\/div>\t[vc_empty_space height=\u201d13px\u201d]<div class=\"mkd-progress-bar mkd-progress-bar-dark\">\r\n\t<h6 class=\"mkd-progress-title-holder clearfix\">\r\n\t\t<span class=\"mkd-progress-title\">Wordpress \/ Joomla<\/span>\r\n\t\t<span class=\"mkd-progress-number-wrapper mkd-floating \" >\r\n\t\t\t<span class=\"mkd-progress-number\">\r\n\t\t\t\t<span class=\"mkd-percent\">0<\/span>\r\n\t\t\t<\/span>\r\n\t\t<\/span>\r\n\t<\/h6>\r\n\t<div class=\"mkd-progress-content-outer \">\r\n\t\t<div data-percentage=70 class=\"mkd-progress-content\" ><\/div>\r\n\t<\/div>\r\n<\/div>\t[vc_empty_space height=\u201d13px\u201d]<div class=\"mkd-progress-bar mkd-progress-bar-dark\">\r\n\t<h6 class=\"mkd-progress-title-holder clearfix\">\r\n\t\t<span class=\"mkd-progress-title\">Indesign<\/span>\r\n\t\t<span class=\"mkd-progress-number-wrapper mkd-floating \" >\r\n\t\t\t<span class=\"mkd-progress-number\">\r\n\t\t\t\t<span class=\"mkd-percent\">0<\/span>\r\n\t\t\t<\/span>\r\n\t\t<\/span>\r\n\t<\/h6>\r\n\t<div class=\"mkd-progress-content-outer \">\r\n\t\t<div data-percentage=90 class=\"mkd-progress-content\" ><\/div>\r\n\t<\/div>\r\n<\/div>\t[vc_empty_space height=\u201d13px\u201d]<div class=\"mkd-progress-bar mkd-progress-bar-dark\">\r\n\t<h6 class=\"mkd-progress-title-holder clearfix\">\r\n\t\t<span class=\"mkd-progress-title\">Drawing \/ Ilustraciones<\/span>\r\n\t\t<span class=\"mkd-progress-number-wrapper mkd-floating \" >\r\n\t\t\t<span class=\"mkd-progress-number\">\r\n\t\t\t\t<span class=\"mkd-percent\">0<\/span>\r\n\t\t\t<\/span>\r\n\t\t<\/span>\r\n\t<\/h6>\r\n\t<div class=\"mkd-progress-content-outer \">\r\n\t\t<div data-percentage=80 class=\"mkd-progress-content\" ><\/div>\r\n\t<\/div>\r\n<\/div>\t[vc_empty_space height=\u201d40px\u201d]\t\t<\/div>\r\n\t<\/div>\r\n<\/div><\/div>[\/vc_column][\/vc_row][vc_row content_width=\u201dgrid\u201d content_aligment=\u201dcenter\u201d css=\u201d.vc_custom_1558518645832{padding-bottom: 105px !important;background-color: #f6f6f6 !important;}\u201d][vc_column]<div class=\"mkd-elements-holder mkd-responsive-mode-768\" ><div class=\"mkd-elements-holder-item mkd-horizontal-alignment-center\" data-item-class=\"mkd-elements-holder-custom-597290\" data-1024-1280=\"7% 0 0 0\" data-768-1024=\"30% 0 0 0\" data-600-768=\"15% 0 0 0\" data-480-600=\"0 0 0 0\" data-480=\"0 0 0 0\" >\r\n\t\t<div class=\"mkd-elements-holder-item-inner\">\r\n\t\t<div class=\"mkd-elements-holder-item-content mkd-elements-holder-custom-597290\" style=\"padding: 9.7% 0 0 0\">\r\n\t\t\t[vc_column_text]<\/p>\n<h2 style=\"text-align: center;\">Nuestros Clientes<\/h2>\n<p>[\/vc_column_text]\t\t<\/div>\r\n\t<\/div>\r\n<\/div><\/div>[vc_empty_space height=\u201d22px\u201d]<div class=\"mkd-elements-holder mkd-responsive-mode-768\" ><div class=\"mkd-elements-holder-item mkd-horizontal-alignment-center\" data-item-class=\"mkd-elements-holder-custom-676973\" data-768-1024=\"8% 0% 0 0%\" data-600-768=\"10% 0% 0 0%\" data-480-600=\"0 4% 0 4%\" data-480=\"0 4% 0 4%\" >\r\n\t\t<div class=\"mkd-elements-holder-item-inner\">\r\n\t\t<div class=\"mkd-elements-holder-item-content mkd-elements-holder-custom-676973\" style=\"padding: 0 15% 0 15%\">\r\n\t\t\t[vc_column_text]<\/p>\n<h4 style=\"text-align: center;\">Estos son algunos de nuestros \u00faltimos clientes con los cuales hemos tenido la ocasi\u00f3n de trabajar.<\/h4>\n<p>[\/vc_column_text]\t\t<\/div>\r\n\t<\/div>\r\n<\/div><\/div>[\/vc_column][\/vc_row][vc_row content_width=\u201dgrid\u201d css=\u201d.vc_custom_1558518737068{background-color: #f6f6f6 !important;}\u201d][vc_column]<div class=\"mkd-clients clearfix mkd-clients-four-columns\">\r\n\t\t<div class=\"mkd-client-holder mkd-clients-roll-over\">\r\n\t\t<div class=\"mkd-client-holder-inner\">\r\n\t\t\t<div class=\"mkd-client-image-holder\">\r\n\t\t\t\t<div class=\"mkd-client-image-holder-inner\">\r\n\t\t\t\t\t\t\t\t\t<a href=\"#\" target=\"_self\">\r\n\t\t\t\t\t\t\t\t\t<span class=\"mkd-client-image\">\r\n\t\t\t\t\t\t<img data-recalc-dims=\"1\" decoding=\"async\" src=\"https:\/\/i0.wp.com\/www.wacamole.net\/wp-content\/uploads\/2021\/07\/logo_ajgirona_negre-01-e1663057993318.png?w=1060&#038;ssl=1\" alt=\"\" \/>\r\n\t\t\t\t\t<\/span>\r\n\t\t\t\t\t\t\t\t\t\t\t<span class=\"mkd-client-hover-image\">\r\n\t\t\t\t\t\t\t<img data-recalc-dims=\"1\" decoding=\"async\" src=\"https:\/\/i0.wp.com\/www.wacamole.net\/wp-content\/uploads\/2021\/07\/logo_ajgirona_color-01.png?w=1060&#038;ssl=1\" alt=\"\" \/>\r\n\t\t\t\t\t\t<\/span>\r\n\t\t\t\t\t\t\t\t\t\t\t\t\t\t<\/a>\r\n\t\t\t\t\t\t\t\t<\/div>\r\n\t\t\t<\/div>\r\n\t\t<\/div>\r\n\t<\/div>\r\n\t<div class=\"mkd-client-holder mkd-clients-roll-over\">\r\n\t\t<div class=\"mkd-client-holder-inner\">\r\n\t\t\t<div class=\"mkd-client-image-holder\">\r\n\t\t\t\t<div class=\"mkd-client-image-holder-inner\">\r\n\t\t\t\t\t\t\t\t\t<a href=\"#\" target=\"_self\">\r\n\t\t\t\t\t\t\t\t\t<span class=\"mkd-client-image\">\r\n\t\t\t\t\t\t<img data-recalc-dims=\"1\" decoding=\"async\" src=\"https:\/\/i0.wp.com\/www.wacamole.net\/wp-content\/uploads\/2022\/09\/logotip-blancinegre-2-e1663058648132.png?w=1060&#038;ssl=1\" alt=\"\" \/>\r\n\t\t\t\t\t<\/span>\r\n\t\t\t\t\t\t\t\t\t\t\t<span class=\"mkd-client-hover-image\">\r\n\t\t\t\t\t\t\t<img data-recalc-dims=\"1\" decoding=\"async\" src=\"https:\/\/i0.wp.com\/www.wacamole.net\/wp-content\/uploads\/2022\/09\/logotip-sense-fons-3-e1663058742890.png?w=1060&#038;ssl=1\" alt=\"\" \/>\r\n\t\t\t\t\t\t<\/span>\r\n\t\t\t\t\t\t\t\t\t\t\t\t\t\t<\/a>\r\n\t\t\t\t\t\t\t\t<\/div>\r\n\t\t\t<\/div>\r\n\t\t<\/div>\r\n\t<\/div>\r\n\t<div class=\"mkd-client-holder mkd-clients-roll-over\">\r\n\t\t<div class=\"mkd-client-holder-inner\">\r\n\t\t\t<div class=\"mkd-client-image-holder\">\r\n\t\t\t\t<div class=\"mkd-client-image-holder-inner\">\r\n\t\t\t\t\t\t\t\t\t<a href=\"#\" target=\"_self\">\r\n\t\t\t\t\t\t\t\t\t<span class=\"mkd-client-image\">\r\n\t\t\t\t\t\t<img data-recalc-dims=\"1\" decoding=\"async\" src=\"https:\/\/i0.wp.com\/www.wacamole.net\/wp-content\/uploads\/2022\/09\/05logos_ddgi_vertical_n-1-e1663059286328.png?w=1060&#038;ssl=1\" alt=\"\" \/>\r\n\t\t\t\t\t<\/span>\r\n\t\t\t\t\t\t\t\t\t\t\t<span class=\"mkd-client-hover-image\">\r\n\t\t\t\t\t\t\t<img data-recalc-dims=\"1\" decoding=\"async\" src=\"https:\/\/i0.wp.com\/www.wacamole.net\/wp-content\/uploads\/2022\/09\/04logos_ddgi_verticalt_c.png?w=1060&#038;ssl=1\" alt=\"\" \/>\r\n\t\t\t\t\t\t<\/span>\r\n\t\t\t\t\t\t\t\t\t\t\t\t\t\t<\/a>\r\n\t\t\t\t\t\t\t\t<\/div>\r\n\t\t\t<\/div>\r\n\t\t<\/div>\r\n\t<\/div>\r\n\t<div class=\"mkd-client-holder mkd-clients-roll-over\">\r\n\t\t<div class=\"mkd-client-holder-inner\">\r\n\t\t\t<div class=\"mkd-client-image-holder\">\r\n\t\t\t\t<div class=\"mkd-client-image-holder-inner\">\r\n\t\t\t\t\t\t\t\t\t<a href=\"#\" target=\"_self\">\r\n\t\t\t\t\t\t\t\t\t<span class=\"mkd-client-image\">\r\n\t\t\t\t\t\t<img data-recalc-dims=\"1\" decoding=\"async\" src=\"https:\/\/i0.wp.com\/www.wacamole.net\/wp-content\/uploads\/2022\/09\/logotip-blanc-negre-2-e1663061475316.png?w=1060&#038;ssl=1\" alt=\"\" \/>\r\n\t\t\t\t\t<\/span>\r\n\t\t\t\t\t\t\t\t\t\t\t<span class=\"mkd-client-hover-image\">\r\n\t\t\t\t\t\t\t<img data-recalc-dims=\"1\" decoding=\"async\" src=\"https:\/\/i0.wp.com\/www.wacamole.net\/wp-content\/uploads\/2022\/09\/logotip-sense-fons-4.png?w=1060&#038;ssl=1\" alt=\"\" \/>\r\n\t\t\t\t\t\t<\/span>\r\n\t\t\t\t\t\t\t\t\t\t\t\t\t\t<\/a>\r\n\t\t\t\t\t\t\t\t<\/div>\r\n\t\t\t<\/div>\r\n\t\t<\/div>\r\n\t<\/div>\r\n<\/div>[\/vc_column][\/vc_row][vc_row content_width=\u201dgrid\u201d css=\u201d.vc_custom_1558518744587{padding-top: 66px !important;padding-bottom: 122px !important;background-color: #f6f6f6 !important;}\u201d][vc_column]<div class=\"mkd-clients clearfix mkd-clients-four-columns\">\r\n\t\t<div class=\"mkd-client-holder mkd-clients-roll-over\">\r\n\t\t<div class=\"mkd-client-holder-inner\">\r\n\t\t\t<div class=\"mkd-client-image-holder\">\r\n\t\t\t\t<div class=\"mkd-client-image-holder-inner\">\r\n\t\t\t\t\t\t\t\t\t<a href=\"#\" target=\"_self\">\r\n\t\t\t\t\t\t\t\t\t<span class=\"mkd-client-image\">\r\n\t\t\t\t\t\t<img data-recalc-dims=\"1\" decoding=\"async\" src=\"https:\/\/i0.wp.com\/www.wacamole.net\/wp-content\/uploads\/2019\/05\/Ajuntament-de-salt-bn.png?w=1060&#038;ssl=1\" alt=\"\" \/>\r\n\t\t\t\t\t<\/span>\r\n\t\t\t\t\t\t\t\t\t\t\t<span class=\"mkd-client-hover-image\">\r\n\t\t\t\t\t\t\t<img data-recalc-dims=\"1\" decoding=\"async\" src=\"https:\/\/i0.wp.com\/www.wacamole.net\/wp-content\/uploads\/2019\/05\/Ajuntament-de-salt.png?w=1060&#038;ssl=1\" alt=\"\" \/>\r\n\t\t\t\t\t\t<\/span>\r\n\t\t\t\t\t\t\t\t\t\t\t\t\t\t<\/a>\r\n\t\t\t\t\t\t\t\t<\/div>\r\n\t\t\t<\/div>\r\n\t\t<\/div>\r\n\t<\/div>\r\n\t<div class=\"mkd-client-holder mkd-clients-roll-over\">\r\n\t\t<div class=\"mkd-client-holder-inner\">\r\n\t\t\t<div class=\"mkd-client-image-holder\">\r\n\t\t\t\t<div class=\"mkd-client-image-holder-inner\">\r\n\t\t\t\t\t\t\t\t\t<a href=\"#\" target=\"_self\">\r\n\t\t\t\t\t\t\t\t\t<span class=\"mkd-client-image\">\r\n\t\t\t\t\t\t<img data-recalc-dims=\"1\" decoding=\"async\" src=\"https:\/\/i0.wp.com\/www.wacamole.net\/wp-content\/uploads\/2022\/09\/NOU-logoAudioson-VERTICAL-b_n-e1663057653764.png?w=1060&#038;ssl=1\" alt=\"\" \/>\r\n\t\t\t\t\t<\/span>\r\n\t\t\t\t\t\t\t\t\t\t\t<span class=\"mkd-client-hover-image\">\r\n\t\t\t\t\t\t\t<img data-recalc-dims=\"1\" decoding=\"async\" src=\"https:\/\/i0.wp.com\/www.wacamole.net\/wp-content\/uploads\/2022\/09\/NOU-logoAudioson-VERTICAL-1-e1663057715582.png?w=1060&#038;ssl=1\" alt=\"\" \/>\r\n\t\t\t\t\t\t<\/span>\r\n\t\t\t\t\t\t\t\t\t\t\t\t\t\t<\/a>\r\n\t\t\t\t\t\t\t\t<\/div>\r\n\t\t\t<\/div>\r\n\t\t<\/div>\r\n\t<\/div>\r\n\t<div class=\"mkd-client-holder mkd-clients-roll-over\">\r\n\t\t<div class=\"mkd-client-holder-inner\">\r\n\t\t\t<div class=\"mkd-client-image-holder\">\r\n\t\t\t\t<div class=\"mkd-client-image-holder-inner\">\r\n\t\t\t\t\t\t\t\t\t<a href=\"#\" target=\"_self\">\r\n\t\t\t\t\t\t\t\t\t<span class=\"mkd-client-image\">\r\n\t\t\t\t\t\t<img data-recalc-dims=\"1\" decoding=\"async\" src=\"https:\/\/i0.wp.com\/www.wacamole.net\/wp-content\/uploads\/2021\/07\/LogoAromar-negre_Mesa-de-trabajo-1-e1663057193463.png?w=1060&#038;ssl=1\" alt=\"\" \/>\r\n\t\t\t\t\t<\/span>\r\n\t\t\t\t\t\t\t\t\t\t\t<span class=\"mkd-client-hover-image\">\r\n\t\t\t\t\t\t\t<img data-recalc-dims=\"1\" decoding=\"async\" src=\"https:\/\/i0.wp.com\/www.wacamole.net\/wp-content\/uploads\/2021\/07\/LogoAromar-color_Mesa-de-trabajo-1-e1627546182559.png?w=1060&#038;ssl=1\" alt=\"\" \/>\r\n\t\t\t\t\t\t<\/span>\r\n\t\t\t\t\t\t\t\t\t\t\t\t\t\t<\/a>\r\n\t\t\t\t\t\t\t\t<\/div>\r\n\t\t\t<\/div>\r\n\t\t<\/div>\r\n\t<\/div>\r\n\t<div class=\"mkd-client-holder mkd-clients-roll-over\">\r\n\t\t<div class=\"mkd-client-holder-inner\">\r\n\t\t\t<div class=\"mkd-client-image-holder\">\r\n\t\t\t\t<div class=\"mkd-client-image-holder-inner\">\r\n\t\t\t\t\t\t\t\t\t<a href=\"#\" target=\"_self\">\r\n\t\t\t\t\t\t\t\t\t<span class=\"mkd-client-image\">\r\n\t\t\t\t\t\t<img data-recalc-dims=\"1\" decoding=\"async\" src=\"https:\/\/i0.wp.com\/www.wacamole.net\/wp-content\/uploads\/2022\/09\/NOU_LOGO_Canvia-el-conte_CAT_NEGRE_Horitzontal-1-e1663056944703.png?w=1060&#038;ssl=1\" alt=\"\" \/>\r\n\t\t\t\t\t<\/span>\r\n\t\t\t\t\t\t\t\t\t\t\t<span class=\"mkd-client-hover-image\">\r\n\t\t\t\t\t\t\t<img data-recalc-dims=\"1\" decoding=\"async\" src=\"https:\/\/i0.wp.com\/www.wacamole.net\/wp-content\/uploads\/2022\/09\/NOU_LOGO_Canvia-el-conte_CAT_Horitzontal-e1663057113844.png?w=1060&#038;ssl=1\" alt=\"\" \/>\r\n\t\t\t\t\t\t<\/span>\r\n\t\t\t\t\t\t\t\t\t\t\t\t\t\t<\/a>\r\n\t\t\t\t\t\t\t\t<\/div>\r\n\t\t\t<\/div>\r\n\t\t<\/div>\r\n\t<\/div>\r\n<\/div>[\/vc_column][\/vc_row]<\/p>\n<\/body>","protected":false},"excerpt":{"rendered":"<p>[vc_row css=\u201d.vc_custom_1609842081184{padding-top: 250px !important;padding-bottom: 250px !important;background-image: url(https:\/\/www.wacamole.net\/wp-content\/uploads\/2019\/06\/serveis-bons.jpg?id=12365) !important;}\u201d][vc_column][vc_column_text] Servicios [\/vc_column_text][\/vc_column][\/vc_row][vc_row&#8230;<\/p>\n","protected":false},"author":2,"featured_media":0,"parent":0,"menu_order":0,"comment_status":"closed","ping_status":"closed","template":"full-width.php","meta":{"om_disable_all_campaigns":false,"_monsterinsights_skip_tracking":false,"_monsterinsights_sitenote_active":false,"_monsterinsights_sitenote_note":"","_monsterinsights_sitenote_category":0,"footnotes":""},"class_list":["post-1424","page","type-page","status-publish","hentry"],"translation":{"provider":"WPGlobus","version":"3.0.2","language":"es","enabled_languages":["ca","es","en"],"languages":{"ca":{"title":true,"content":true,"excerpt":false},"es":{"title":true,"content":true,"excerpt":false},"en":{"title":true,"content":true,"excerpt":false}}},"yoast_head":"<!-- This site is optimized with the Yoast SEO plugin v27.4 - https:\/\/yoast.com\/product\/yoast-seo-wordpress\/ -->\n<title>Servicios - Wacamole creative studio<\/title>\n<meta name=\"robots\" content=\"index, follow, max-snippet:-1, max-image-preview:large, max-video-preview:-1\" \/>\n<link rel=\"canonical\" href=\"https:\/\/www.wacamole.net\/serveis\/\" \/>\n<meta property=\"og:locale\" content=\"es_ES\" \/>\n<meta property=\"og:type\" content=\"article\" \/>\n<meta property=\"og:title\" content=\"Servicios - Wacamole creative studio\" \/>\n<meta property=\"og:url\" content=\"https:\/\/www.wacamole.net\/serveis\/\" \/>\n<meta property=\"og:site_name\" content=\"Wacamole creative studio\" \/>\n<meta property=\"article:publisher\" content=\"https:\/\/www.facebook.com\/estudiowacamole\/\" \/>\n<meta property=\"article:modified_time\" content=\"2023-02-28T08:48:42+00:00\" \/>\n<meta name=\"twitter:card\" content=\"summary_large_image\" \/>\n<meta name=\"twitter:site\" content=\"@WACAMOLEstudio\" \/>\n<meta name=\"twitter:label1\" content=\"Tiempo de lectura\" \/>\n\t<meta name=\"twitter:data1\" content=\"3 minutos\" \/>\n<script type=\"application\/ld+json\" class=\"yoast-schema-graph\">{\"@context\":\"https:\\\/\\\/schema.org\",\"@graph\":[{\"@type\":\"WebPage\",\"@id\":\"https:\\\/\\\/www.wacamole.net\\\/serveis\\\/\",\"url\":\"https:\\\/\\\/www.wacamole.net\\\/serveis\\\/\",\"name\":\"Servicios - Wacamole creative studio\",\"isPartOf\":{\"@id\":\"https:\\\/\\\/www.wacamole.net\\\/#website\"},\"datePublished\":\"2016-09-20T10:04:20+00:00\",\"dateModified\":\"2023-02-28T08:48:42+00:00\",\"breadcrumb\":{\"@id\":\"https:\\\/\\\/www.wacamole.net\\\/serveis\\\/#breadcrumb\"},\"inLanguage\":\"es\",\"potentialAction\":[{\"@type\":\"ReadAction\",\"target\":[\"https:\\\/\\\/www.wacamole.net\\\/serveis\\\/\"]}]},{\"@type\":\"BreadcrumbList\",\"@id\":\"https:\\\/\\\/www.wacamole.net\\\/serveis\\\/#breadcrumb\",\"itemListElement\":[{\"@type\":\"ListItem\",\"position\":1,\"name\":\"Home\",\"item\":\"https:\\\/\\\/www.wacamole.net\\\/\"},{\"@type\":\"ListItem\",\"position\":2,\"name\":\"Servicios\"}]},{\"@type\":\"WebSite\",\"@id\":\"https:\\\/\\\/www.wacamole.net\\\/#website\",\"url\":\"https:\\\/\\\/www.wacamole.net\\\/\",\"name\":\"Wacamole creative studio\",\"description\":\"Agencia de publicidad\",\"potentialAction\":[{\"@type\":\"SearchAction\",\"target\":{\"@type\":\"EntryPoint\",\"urlTemplate\":\"https:\\\/\\\/www.wacamole.net\\\/?s={search_term_string}\"},\"query-input\":{\"@type\":\"PropertyValueSpecification\",\"valueRequired\":true,\"valueName\":\"search_term_string\"}}],\"inLanguage\":\"es\"}]}<\/script>\n<!-- \/ Yoast SEO plugin. -->","yoast_head_json":{"title":"Servicios - Wacamole creative studio","robots":{"index":"index","follow":"follow","max-snippet":"max-snippet:-1","max-image-preview":"max-image-preview:large","max-video-preview":"max-video-preview:-1"},"canonical":"https:\/\/www.wacamole.net\/serveis\/","og_locale":"es_ES","og_type":"article","og_title":"Servicios - Wacamole creative studio","og_url":"https:\/\/www.wacamole.net\/serveis\/","og_site_name":"Wacamole creative studio","article_publisher":"https:\/\/www.facebook.com\/estudiowacamole\/","article_modified_time":"2023-02-28T08:48:42+00:00","twitter_card":"summary_large_image","twitter_site":"@WACAMOLEstudio","twitter_misc":{"Tiempo de lectura":"3 minutos"},"schema":{"@context":"https:\/\/schema.org","@graph":[{"@type":"WebPage","@id":"https:\/\/www.wacamole.net\/serveis\/","url":"https:\/\/www.wacamole.net\/serveis\/","name":"Servicios - Wacamole creative studio","isPartOf":{"@id":"https:\/\/www.wacamole.net\/#website"},"datePublished":"2016-09-20T10:04:20+00:00","dateModified":"2023-02-28T08:48:42+00:00","breadcrumb":{"@id":"https:\/\/www.wacamole.net\/serveis\/#breadcrumb"},"inLanguage":"es","potentialAction":[{"@type":"ReadAction","target":["https:\/\/www.wacamole.net\/serveis\/"]}]},{"@type":"BreadcrumbList","@id":"https:\/\/www.wacamole.net\/serveis\/#breadcrumb","itemListElement":[{"@type":"ListItem","position":1,"name":"Home","item":"https:\/\/www.wacamole.net\/"},{"@type":"ListItem","position":2,"name":"Servicios"}]},{"@type":"WebSite","@id":"https:\/\/www.wacamole.net\/#website","url":"https:\/\/www.wacamole.net\/","name":"Wacamole creative studio","description":"Agencia de publicidad","potentialAction":[{"@type":"SearchAction","target":{"@type":"EntryPoint","urlTemplate":"https:\/\/www.wacamole.net\/?s={search_term_string}"},"query-input":{"@type":"PropertyValueSpecification","valueRequired":true,"valueName":"search_term_string"}}],"inLanguage":"es"}]}},"jetpack_sharing_enabled":true,"_links":{"self":[{"href":"https:\/\/www.wacamole.net\/es\/wp-json\/wp\/v2\/pages\/1424","targetHints":{"allow":["GET"]}}],"collection":[{"href":"https:\/\/www.wacamole.net\/es\/wp-json\/wp\/v2\/pages"}],"about":[{"href":"https:\/\/www.wacamole.net\/es\/wp-json\/wp\/v2\/types\/page"}],"author":[{"embeddable":true,"href":"https:\/\/www.wacamole.net\/es\/wp-json\/wp\/v2\/users\/2"}],"replies":[{"embeddable":true,"href":"https:\/\/www.wacamole.net\/es\/wp-json\/wp\/v2\/comments?post=1424"}],"version-history":[{"count":6,"href":"https:\/\/www.wacamole.net\/es\/wp-json\/wp\/v2\/pages\/1424\/revisions"}],"predecessor-version":[{"id":13784,"href":"https:\/\/www.wacamole.net\/es\/wp-json\/wp\/v2\/pages\/1424\/revisions\/13784"}],"wp:attachment":[{"href":"https:\/\/www.wacamole.net\/es\/wp-json\/wp\/v2\/media?parent=1424"}],"curies":[{"name":"wp","href":"https:\/\/api.w.org\/{rel}","templated":true}]}}