{"id":1342,"date":"2016-09-19T15:10:25","date_gmt":"2016-09-19T15:10:25","guid":{"rendered":"http:\/\/vangard.edge-themes.com\/?page_id=1342"},"modified":"2023-02-27T12:03:41","modified_gmt":"2023-02-27T12:03:41","slug":"contacte","status":"publish","type":"page","link":"https:\/\/www.wacamole.net\/es\/contacte\/","title":{"rendered":"Contacto"},"content":{"rendered":"<body><p>[vc_row row_type=\u201dparallax\u201d full_screen_section_height=\u201dno\u201d parallax_background_image=\u201d12391\u2033 css=\u201d.vc_custom_1609842223517{padding-top: 180px !important;padding-bottom: 180px !important;background-image: url(https:\/\/www.wacamole.net\/wp-content\/uploads\/2019\/06\/C.jpg?id=12412) !important;}\u201d][vc_column][vc_column_text css_animation=\u201dfadeInDown\u201d]<\/p>\n<h1 style=\"text-align: center; color: #ffffff;\">Cont\u00e1ctanos<\/h1>\n<p>[\/vc_column_text][vc_column_text css_animation=\u201dfadeInDown\u201d]<\/p>\n<p style=\"text-align: center; color: #ffffff;\">Si tienes alguna duda o consulta estaremos encantados en ayudarte.<\/p>\n<p>[\/vc_column_text][\/vc_column][\/vc_row][vc_row content_width=\u201dgrid\u201d css=\u201d.vc_custom_1499679388739{background-color: #f6f6f6 !important;}\u201d][vc_column offset=\u201dvc_col-lg-6 vc_col-md-12\u2033]<div class=\"mkd-elements-holder mkd-responsive-mode-768\" ><div class=\"mkd-elements-holder-item \" data-item-class=\"mkd-elements-holder-custom-492863\" data-1024-1280=\"18% 10% 0 2%\" data-768-1024=\"13% 0 0 0\" data-600-768=\"21% 0 0px 0\" data-480-600=\"16% 0 0 0\" data-480=\"16% 0 0 0\" >\r\n\t\t<div class=\"mkd-elements-holder-item-inner\">\r\n\t\t<div class=\"mkd-elements-holder-item-content mkd-elements-holder-custom-492863\" style=\"padding: 24.5% 0 0 2%\">\r\n\t\t\t[vc_column_text]<\/p>\n<h3>Env\u00edanos un mensaje<\/h3>\n<p>[\/vc_column_text][vc_empty_space height=\u201d20px\u201d][vc_column_text]Contacta con <a href=\"https:\/\/www.wacamole.net\/es\/nosaltres\/\">nosotros<\/a> ante cualquier duda que puedas tener, estaremos encantados de ayudarte!<\/p>\n<p>Nos encontrar\u00e1s en la <a href=\"https:\/\/www.femlavolta.cat\/la-volta-1\/\">V1 de La Volta<\/a>, un espacio que hab\u00eda sido un taller de restauraci\u00f3n de muebles que posteriormente fue reconvertido en una galer\u00eda dom\u00e9stica de pintura y fotograf\u00eda.<\/p>\n<p>Trabajamos diariamente en <a href=\"https:\/\/www.femlavolta.cat\/\">La Volta<\/a>, d\u00f3nde disponemos de todo tipo de instalaciones y servicios para salir adelante nuestros proyectos de la forma m\u00e1s creativa y divertida posible, gracias al buen ambiente que nos podemos encontrar a su interior.<\/p>\n<p>Contacta con nosotros, estaremos encantados de pasar un rato con vosotros y salir adelante con todos los proyectos que teng\u00e1is. \u00a1Recuerda que todas las ideas son buenas!<\/p>\n<div><\/div>\n<p>[\/vc_column_text]\t\t<\/div>\r\n\t<\/div>\r\n<\/div><\/div>[vc_empty_space height=\u201d34px\u201d]<div class=\"mkd-icon-list-item\">\r\n\t<div class=\"mkd-icon-list-icon-holder\">\r\n        <div class=\"mkd-icon-list-icon-holder-inner clearfix\">\r\n\t\t\t<span aria-hidden=\"true\" class=\"mkd-icon-font-elegant icon_pushpin_alt \" style=\"color:#5df5c5;font-size:17px\" ><\/span>\t\t<\/div>\r\n\t<\/div>\r\n\t<p class=\"mkd-icon-list-text\"  > LA VOLTA - Plaza de l&#039;Assumpci\u00f3, 1, 17005 Girona<\/p>\r\n<\/div>[vc_empty_space height=\u201d20px\u201d]<div class=\"mkd-icon-list-item\">\r\n\t<div class=\"mkd-icon-list-icon-holder\">\r\n        <div class=\"mkd-icon-list-icon-holder-inner clearfix\">\r\n\t\t\t<span aria-hidden=\"true\" class=\"mkd-icon-font-elegant icon_phone \" style=\"color:#5df5c5;font-size:17px\" ><\/span>\t\t<\/div>\r\n\t<\/div>\r\n\t<p class=\"mkd-icon-list-text\"  > (+34) 637 536 635<\/p>\r\n<\/div>[vc_empty_space height=\u201d20px\u201d]<div class=\"mkd-icon-list-item\">\r\n\t<div class=\"mkd-icon-list-icon-holder\">\r\n        <div class=\"mkd-icon-list-icon-holder-inner clearfix\">\r\n\t\t\t<span aria-hidden=\"true\" class=\"mkd-icon-font-elegant icon_mail_alt \" style=\"color:#5df5c5;font-size:17px\" ><\/span>\t\t<\/div>\r\n\t<\/div>\r\n\t<p class=\"mkd-icon-list-text\"  > info@wacamole.net<\/p>\r\n<\/div>[vc_empty_space height=\u201d40px\u201d][\/vc_column][vc_column offset=\u201dvc_col-lg-6 vc_col-md-12\u2033]<div class=\"mkd-elements-holder mkd-responsive-mode-768\" ><div class=\"mkd-elements-holder-item \" data-item-class=\"mkd-elements-holder-custom-165104\" data-1280-1440=\"23% 0 18% 0\" data-1024-1280=\"20% 0 13% 0\" data-768-1024=\"0% 0 10% 0\" data-600-768=\"0% 0 16% 0\" data-480-600=\"4% 0 14% 0\" data-480=\"4% 0 14% 0\" >\r\n\t\t<div class=\"mkd-elements-holder-item-inner\">\r\n\t\t<div class=\"mkd-elements-holder-item-content mkd-elements-holder-custom-165104\" style=\"padding: 23.4% 0 18% 0\">\r\n\t\t\t\n<div class=\"wpcf7 no-js\" id=\"wpcf7-f12590-o1\" lang=\"en-US\" dir=\"ltr\" data-wpcf7-id=\"12590\">\n<div class=\"screen-reader-response\"><p role=\"status\" aria-live=\"polite\" aria-atomic=\"true\"><\/p> <ul><\/ul><\/div>\n<form action=\"\/es\/wp-json\/wp\/v2\/pages\/1342#wpcf7-f12590-o1\" method=\"post\" class=\"wpcf7-form init cf7_custom_style_2\" aria-label=\"Contact form\" novalidate=\"novalidate\" data-status=\"init\">\n<fieldset class=\"hidden-fields-container\"><input type=\"hidden\" name=\"_wpcf7\" value=\"12590\" \/><input type=\"hidden\" name=\"_wpcf7_version\" value=\"6.1.5\" \/><input type=\"hidden\" name=\"_wpcf7_locale\" value=\"en_US\" \/><input type=\"hidden\" name=\"_wpcf7_unit_tag\" value=\"wpcf7-f12590-o1\" \/><input type=\"hidden\" name=\"_wpcf7_container_post\" value=\"0\" \/><input type=\"hidden\" name=\"_wpcf7_posted_data_hash\" value=\"\" \/><input type=\"hidden\" name=\"_wpcf7_recaptcha_response\" value=\"\" \/>\n<\/fieldset>\n<div class=\"mkd-contact-form-one\">\n\t<div class=\"mkd-grid-row mkd-grid-small-gutter\">\n\t\t<div class=\"mkd-two-columns-50-50 clearfix\">\n\t\t\t<div class=\"mkd-two-columns-50-50-inner\">\n\t\t\t\t<div class=\"mkd-column\">\n\t\t\t\t\t<div class=\"mkd-column-inner\">\n\t\t\t\t\t\t<p><span class=\"wpcf7-form-control-wrap\" data-name=\"text-779\"><input size=\"40\" maxlength=\"400\" class=\"wpcf7-form-control wpcf7-text\" aria-invalid=\"false\" placeholder=\"Nombre\" value=\"\" type=\"text\" name=\"text-779\" \/><\/span>\n\t\t\t\t\t\t<\/p>\n\t\t\t\t\t<\/div>\n\t\t\t\t<\/div>\n\t\t\t\t<div class=\"mkd-column\">\n\t\t\t\t\t<div class=\"mkd-column-inner\">\n\t\t\t\t\t\t<p><span class=\"wpcf7-form-control-wrap\" data-name=\"tel-463\"><input size=\"40\" maxlength=\"400\" class=\"wpcf7-form-control wpcf7-tel wpcf7-text wpcf7-validates-as-tel\" aria-invalid=\"false\" placeholder=\"Tel\u00e9fono\" value=\"\" type=\"tel\" name=\"tel-463\" \/><\/span>\n\t\t\t\t\t\t<\/p>\n\t\t\t\t\t<\/div>\n\t\t\t\t<\/div>\n\t\t\t<\/div>\n\t\t<\/div>\n\t<\/div>\n\t<p><span class=\"wpcf7-form-control-wrap\" data-name=\"email-844\"><input size=\"40\" maxlength=\"400\" class=\"wpcf7-form-control wpcf7-email wpcf7-text wpcf7-validates-as-email\" aria-invalid=\"false\" placeholder=\"Email\" value=\"\" type=\"email\" name=\"email-844\" \/><\/span>\n\t<\/p>\n\t<p><span class=\"wpcf7-form-control-wrap\" data-name=\"notes\"><textarea cols=\"40\" rows=\"10\" maxlength=\"2000\" class=\"wpcf7-form-control wpcf7-textarea\" aria-invalid=\"false\" placeholder=\"Mensaje\" name=\"notes\"><\/textarea><\/span>\n\t<\/p>\n\t<p><input class=\"wpcf7-form-control wpcf7-submit has-spinner\" type=\"submit\" value=\"ENVIAR!\" \/>\n\t<\/p>\n<\/div><p style=\"display: none !important;\" class=\"akismet-fields-container\" data-prefix=\"_wpcf7_ak_\"><label>&#916;<textarea name=\"_wpcf7_ak_hp_textarea\" cols=\"45\" rows=\"8\" maxlength=\"100\"><\/textarea><\/label><input type=\"hidden\" id=\"ak_js_1\" name=\"_wpcf7_ak_js\" value=\"188\"\/><script>document.getElementById( \"ak_js_1\" ).setAttribute( \"value\", ( new Date() ).getTime() );<\/script><\/p><div class=\"wpcf7-response-output\" aria-hidden=\"true\"><\/div>\n<\/form>\n<\/div>\n\t\t<\/div>\r\n\t<\/div>\r\n<\/div><\/div>[\/vc_column][\/vc_row][vc_row content_aligment=\u201dcenter\u201d][vc_column]<div class=\"mkd-google-map-holder\">\r\n\t<div class=\"mkd-google-map\" id=\"mkd-map-1361191\" data-addresses='[\"LA VOLTA - Pla\u00e7a de l&#039;Assumpci\u00f3, 1, 17005 Girona\"]' data-custom-map-style=true data-color-overlay=#e5e5e5 data-saturation=-100 data-lightness=-60 data-zoom=15 data-pin=https:\/\/i0.wp.com\/www.wacamole.net\/wp-content\/uploads\/2019\/06\/mapa-pin-wacamole.png?fit=60%2C60&ssl=1 data-unique-id=1361191 data-scroll-wheel=false data-height=500px><\/div>\r\n\t\t\t<div class=\"mkd-google-map-overlay\"><\/div>\r\n\t<\/div>\r\n[\/vc_column][\/vc_row]<\/p>\n<\/body>","protected":false},"excerpt":{"rendered":"<p>[vc_row row_type=\u201dparallax\u201d full_screen_section_height=\u201dno\u201d parallax_background_image=\u201d12391\u2033 css=\u201d.vc_custom_1609842223517{padding-top: 180px !important;padding-bottom: 180px !important;background-image: url(https:\/\/www.wacamole.net\/wp-content\/uploads\/2019\/06\/C.jpg?id=12412)&#8230;<\/p>\n","protected":false},"author":2,"featured_media":0,"parent":0,"menu_order":0,"comment_status":"closed","ping_status":"closed","template":"full-width.php","meta":{"om_disable_all_campaigns":false,"_monsterinsights_skip_tracking":false,"_monsterinsights_sitenote_active":false,"_monsterinsights_sitenote_note":"","_monsterinsights_sitenote_category":0,"footnotes":""},"class_list":["post-1342","page","type-page","status-publish","hentry"],"translation":{"provider":"WPGlobus","version":"3.0.2","language":"es","enabled_languages":["ca","es","en"],"languages":{"ca":{"title":true,"content":true,"excerpt":false},"es":{"title":true,"content":true,"excerpt":false},"en":{"title":true,"content":true,"excerpt":false}}},"yoast_head":"<!-- This site is optimized with the Yoast SEO plugin v27.4 - https:\/\/yoast.com\/product\/yoast-seo-wordpress\/ -->\n<title>Contacto - Wacamole creative studio<\/title>\n<meta name=\"robots\" content=\"index, follow, max-snippet:-1, max-image-preview:large, max-video-preview:-1\" \/>\n<link rel=\"canonical\" href=\"https:\/\/www.wacamole.net\/contacte\/\" \/>\n<meta property=\"og:locale\" content=\"es_ES\" \/>\n<meta property=\"og:type\" content=\"article\" \/>\n<meta property=\"og:title\" content=\"Contacto - Wacamole creative studio\" \/>\n<meta property=\"og:url\" content=\"https:\/\/www.wacamole.net\/contacte\/\" \/>\n<meta property=\"og:site_name\" content=\"Wacamole creative studio\" \/>\n<meta property=\"article:publisher\" content=\"https:\/\/www.facebook.com\/estudiowacamole\/\" \/>\n<meta property=\"article:modified_time\" content=\"2023-02-27T12:03:41+00:00\" \/>\n<meta name=\"twitter:card\" content=\"summary_large_image\" \/>\n<meta name=\"twitter:site\" content=\"@WACAMOLEstudio\" \/>\n<meta name=\"twitter:label1\" content=\"Est. reading time\" \/>\n\t<meta name=\"twitter:data1\" content=\"2 minutos\" \/>\n<script type=\"application\/ld+json\" class=\"yoast-schema-graph\">{\"@context\":\"https:\\\/\\\/schema.org\",\"@graph\":[{\"@type\":\"WebPage\",\"@id\":\"https:\\\/\\\/www.wacamole.net\\\/contacte\\\/\",\"url\":\"https:\\\/\\\/www.wacamole.net\\\/contacte\\\/\",\"name\":\"Contacto - Wacamole creative studio\",\"isPartOf\":{\"@id\":\"https:\\\/\\\/www.wacamole.net\\\/#website\"},\"datePublished\":\"2016-09-19T15:10:25+00:00\",\"dateModified\":\"2023-02-27T12:03:41+00:00\",\"description\":\"Contacta amb nosaltres per qualsevol dubte que puguis tenir, estarem encantats d'ajudarte! Recorda que totes les idees s\u00f3n bones!\",\"breadcrumb\":{\"@id\":\"https:\\\/\\\/www.wacamole.net\\\/contacte\\\/#breadcrumb\"},\"inLanguage\":\"es\",\"potentialAction\":[{\"@type\":\"ReadAction\",\"target\":[\"https:\\\/\\\/www.wacamole.net\\\/contacte\\\/\"]}]},{\"@type\":\"BreadcrumbList\",\"@id\":\"https:\\\/\\\/www.wacamole.net\\\/contacte\\\/#breadcrumb\",\"itemListElement\":[{\"@type\":\"ListItem\",\"position\":1,\"name\":\"Home\",\"item\":\"https:\\\/\\\/www.wacamole.net\\\/\"},{\"@type\":\"ListItem\",\"position\":2,\"name\":\"Contacto\"}]},{\"@type\":\"WebSite\",\"@id\":\"https:\\\/\\\/www.wacamole.net\\\/#website\",\"url\":\"https:\\\/\\\/www.wacamole.net\\\/\",\"name\":\"Wacamole creative studio\",\"description\":\"Agencia de publicidad\",\"potentialAction\":[{\"@type\":\"SearchAction\",\"target\":{\"@type\":\"EntryPoint\",\"urlTemplate\":\"https:\\\/\\\/www.wacamole.net\\\/?s={search_term_string}\"},\"query-input\":{\"@type\":\"PropertyValueSpecification\",\"valueRequired\":true,\"valueName\":\"search_term_string\"}}],\"inLanguage\":\"es\"}]}<\/script>\n<!-- \/ Yoast SEO plugin. -->","yoast_head_json":{"title":"Contacto - Wacamole creative studio","robots":{"index":"index","follow":"follow","max-snippet":"max-snippet:-1","max-image-preview":"max-image-preview:large","max-video-preview":"max-video-preview:-1"},"canonical":"https:\/\/www.wacamole.net\/contacte\/","og_locale":"es_ES","og_type":"article","og_title":"Contacto - Wacamole creative studio","og_url":"https:\/\/www.wacamole.net\/contacte\/","og_site_name":"Wacamole creative studio","article_publisher":"https:\/\/www.facebook.com\/estudiowacamole\/","article_modified_time":"2023-02-27T12:03:41+00:00","twitter_card":"summary_large_image","twitter_site":"@WACAMOLEstudio","twitter_misc":{"Est. reading time":"2 minutos"},"schema":{"@context":"https:\/\/schema.org","@graph":[{"@type":"WebPage","@id":"https:\/\/www.wacamole.net\/contacte\/","url":"https:\/\/www.wacamole.net\/contacte\/","name":"Contacto - Wacamole creative studio","isPartOf":{"@id":"https:\/\/www.wacamole.net\/#website"},"datePublished":"2016-09-19T15:10:25+00:00","dateModified":"2023-02-27T12:03:41+00:00","description":"Contacta amb nosaltres per qualsevol dubte que puguis tenir, estarem encantats d'ajudarte! Recorda que totes les idees s\u00f3n bones!","breadcrumb":{"@id":"https:\/\/www.wacamole.net\/contacte\/#breadcrumb"},"inLanguage":"es","potentialAction":[{"@type":"ReadAction","target":["https:\/\/www.wacamole.net\/contacte\/"]}]},{"@type":"BreadcrumbList","@id":"https:\/\/www.wacamole.net\/contacte\/#breadcrumb","itemListElement":[{"@type":"ListItem","position":1,"name":"Home","item":"https:\/\/www.wacamole.net\/"},{"@type":"ListItem","position":2,"name":"Contacto"}]},{"@type":"WebSite","@id":"https:\/\/www.wacamole.net\/#website","url":"https:\/\/www.wacamole.net\/","name":"Wacamole creative studio","description":"Agencia de publicidad","potentialAction":[{"@type":"SearchAction","target":{"@type":"EntryPoint","urlTemplate":"https:\/\/www.wacamole.net\/?s={search_term_string}"},"query-input":{"@type":"PropertyValueSpecification","valueRequired":true,"valueName":"search_term_string"}}],"inLanguage":"es"}]}},"jetpack_sharing_enabled":true,"_links":{"self":[{"href":"https:\/\/www.wacamole.net\/es\/wp-json\/wp\/v2\/pages\/1342","targetHints":{"allow":["GET"]}}],"collection":[{"href":"https:\/\/www.wacamole.net\/es\/wp-json\/wp\/v2\/pages"}],"about":[{"href":"https:\/\/www.wacamole.net\/es\/wp-json\/wp\/v2\/types\/page"}],"author":[{"embeddable":true,"href":"https:\/\/www.wacamole.net\/es\/wp-json\/wp\/v2\/users\/2"}],"replies":[{"embeddable":true,"href":"https:\/\/www.wacamole.net\/es\/wp-json\/wp\/v2\/comments?post=1342"}],"version-history":[{"count":6,"href":"https:\/\/www.wacamole.net\/es\/wp-json\/wp\/v2\/pages\/1342\/revisions"}],"predecessor-version":[{"id":13765,"href":"https:\/\/www.wacamole.net\/es\/wp-json\/wp\/v2\/pages\/1342\/revisions\/13765"}],"wp:attachment":[{"href":"https:\/\/www.wacamole.net\/es\/wp-json\/wp\/v2\/media?parent=1342"}],"curies":[{"name":"wp","href":"https:\/\/api.w.org\/{rel}","templated":true}]}}