{"id":12275,"date":"2019-05-27T08:45:50","date_gmt":"2019-05-27T08:45:50","guid":{"rendered":"http:\/\/wacamole-wp.romiaprile.com\/?page_id=12275"},"modified":"2023-02-28T08:52:45","modified_gmt":"2023-02-28T08:52:45","slug":"nosaltres","status":"publish","type":"page","link":"https:\/\/www.wacamole.net\/es\/nosaltres\/","title":{"rendered":"Nosotros"},"content":{"rendered":"<body><p>[vc_row row_type=\u201dparallax\u201d full_screen_section_height=\u201dno\u201d parallax_background_image=\u201d13604\u2033][vc_column][vc_column_text css=\u201d.vc_custom_1560243382419{padding-top: 250px !important;padding-bottom: 250px !important;}\u201d]<\/p>\n<h1 style=\"text-align: center; color: #ffffff;\">Conoce a Nuestro Equipo!<\/h1>\n<p>[\/vc_column_text][\/vc_column][\/vc_row][vc_row content_aligment=\u201dcenter\u201d css=\u201d.vc_custom_1498483756250{padding-top: 70px !important;padding-bottom: 80px !important;}\u201d][vc_column]<div class=\"mkd-elements-holder mkd-responsive-mode-768\" ><div class=\"mkd-elements-holder-item mkd-horizontal-alignment-center\" data-item-class=\"mkd-elements-holder-custom-556625\" data-768-1024=\"27% 0 0 0\" data-600-768=\"12% 0 0 0\" data-480-600=\"0 0 0 0\" data-480=\"0 0 0 0\" >\r\n\t\t<div class=\"mkd-elements-holder-item-inner\">\r\n\t\t<div class=\"mkd-elements-holder-item-content mkd-elements-holder-custom-556625\" style=\"padding: 0 0 0 0\">\r\n\t\t\t[vc_column_text css_animation=\u201dbounceInDown\u201d]<\/p>\n<h3 id=\"tw-target-text\" class=\"tw-data-text tw-text-large tw-ta\" dir=\"ltr\" style=\"text-align: center;\" data-placeholder=\"Traducci\u00f3\"><span class=\"Y2IQFc\" lang=\"es\">\u201cPiensa en grande, act\u00faa en peque\u00f1o y colabora\u201d<\/span><\/h3>\n<h3 style=\"text-align: center;\"><\/h3>\n<p>[\/vc_column_text]\t\t<\/div>\r\n\t<\/div>\r\n<\/div><\/div>[\/vc_column][\/vc_row][vc_row][vc_column width=\u201d1\/6\u2033][\/vc_column][vc_column width=\u201d2\/3\u2033][vc_column_text]Nuestra filosof\u00eda se basa en el trabajo en conjunto con el cliente, escuchando sus necesidades y encontrar el mejor camino a seguir para generar piezas de dise\u00f1o que posicionen su marca \/ producto y de este modo proyectar, de forma m\u00e1s eficaz, la imagen de empresa o producto. Siempre con la creatividad para buscar la diferenciaci\u00f3n, trabajamos para que la visualizaci\u00f3n de nuestras campa\u00f1as y productos sea lo m\u00e1s atractiva posible por cada cliente.[\/vc_column_text][vc_empty_space height=\u201d52px\u201d][\/vc_column][vc_column width=\u201d1\/6\u2033][\/vc_column][\/vc_row][vc_row css=\u201d.vc_custom_1663139266633{padding-right: 150px !important;padding-left: 150px !important;}\u201d][vc_column width=\u201d1\/6\u2033][\/vc_column][vc_column width=\u201d2\/6\u2033]\r\n<div class=\"mkd-team main-info-below-image \">\r\n\t<div class=\"mkd-team-inner\">\r\n\t\t\t\t\t<div class=\"mkd-team-image\">\r\n                <img loading=\"lazy\" decoding=\"async\" width=\"800\" height=\"800\" src=\"https:\/\/i0.wp.com\/www.wacamole.net\/wp-content\/uploads\/2021\/12\/Andreu2-scaled-e1638432002826.jpg?fit=800%2C800&amp;ssl=1\" class=\"attachment-full size-full\" alt=\"\" \/>\t\t\t<\/div>\r\n\t\t\r\n\t\t\t\t\t<div class=\"mkd-team-info\">\r\n\t\t\t\t\t\t\t\t\t<div class=\"mkd-team-title-holder normal\">\r\n                                                    <span class=\"mkd-team-position\">Director de Arte y Ilustraci\u00f3n<\/span>\r\n                        \t\t\t\t\t\t\t\t\t\t\t\t\t<h3 class=\"mkd-team-name\">\r\n\t\t\t\t\t\t\t\tAndreu Morales\t\t\t\t\t\t\t<\/h3>\r\n\t\t\t\t\t\t\r\n\t\t\t\t\t<\/div>\r\n\t\t\t\t\r\n\t\t\t\t\t\t\t\t\t<div class='mkd-team-text'>\r\n\t\t\t\t\t\t<div class='mkd-team-text-inner'>\r\n\t\t\t\t\t\t\t<div class='mkd-team-description'>\r\n\t\t\t\t\t\t\t\t<p>Curioso, creativo y emprendedor. Ilustrador desde sus inicios, motivado por lo abstracto, busca a cada dise\u00f1o la diferenciaci\u00f3n que hace sobresalir un producto por encima de los dem\u00e1s. Siempre dispuesto a experimentar diferentes caminos para los proyectos que se le presentan a este cocinero de ideas.<\/p>\r\n\t\t\t\t\t\t\t<\/div>\r\n\t\t\t\t\t\t<\/div>\r\n\t\t\t\t\t<\/div>\r\n\t\t\t\t\r\n\t\t<div class=\"mkd-team-social-holder-between\">\r\n\t\t\t<div class=\"mkd-team-social normal\">\r\n\t\t\t\t<div class=\"mkd-team-social-inner\">\r\n\t\t\t\t\t<div class=\"mkd-team-social-wrapp\">\r\n\r\n\t\t\t\t\t\t\r\n    <span class=\"mkd-icon-shortcode normal \"  >\r\n                    <a href=\"https:\/\/facebook.com\/\" target=\"_blank\" >\r\n        \r\n        <i class=\"mkd-icon-font-awesome fa fa-facebook mkd-icon-element\" style=\"\" ><\/i>\r\n                    <\/a>\r\n            <\/span>\r\n\r\n\r\n    <span class=\"mkd-icon-shortcode normal \"  >\r\n                    <a href=\"https:\/\/www.behance.net\/\" target=\"_blank\" >\r\n        \r\n        <i class=\"mkd-icon-font-awesome fa fa-behance mkd-icon-element\" style=\"\" ><\/i>\r\n                    <\/a>\r\n            <\/span>\r\n\r\n\r\n    <span class=\"mkd-icon-shortcode normal \"  >\r\n                    <a href=\"https:\/\/www.instagram.com\/\" target=\"_blank\" >\r\n        \r\n        <i class=\"mkd-icon-font-awesome fa fa-instagram mkd-icon-element\" style=\"\" ><\/i>\r\n                    <\/a>\r\n            <\/span>\r\n\r\n\r\n\t\t\t\t\t<\/div>\r\n\t\t\t\t<\/div>\r\n\t\t\t<\/div>\r\n\t\t<\/div>\r\n\r\n\t\t<\/div>\r\n\t<\/div>\r\n<\/div>[\/vc_column][vc_column width=\u201d1\/6\u2033][\/vc_column][vc_column][vc_empty_space height=\u201d52px\u201d][\/vc_column][\/vc_row][vc_row css=\u201d.vc_custom_1663141182158{padding-top: 104px !important;padding-bottom: 122px !important;background-image: url(https:\/\/www.wacamole.net\/wp-content\/uploads\/2019\/06\/C.jpg?id=12412) !important;background-position: center !important;background-repeat: no-repeat !important;background-size: cover !important;}\u201d][vc_column]<div class=\"mkd-testimonials-holder clearfix\"><div class=\"mkd-slick-slider-navigation-style mkd-testimonials mkd-testimonials-type-buro\"  data-dots-navigation=\"false\"><div class=\"mkd-testimonial-content mkd-testimonials12566\">\r\n    <div class=\"mkd-testimonial-content-inner\">\r\n        <div class=\"mkd-testimonial-text-outer\">\r\n            <h2 class=\"mkd-testimonial-text\">\"R\u00e1pidos, atentos y efectivos, un placer contar con vosotros!\"<\/h2>\r\n        <\/div>\r\n                    <h5 class=\"mkd-testimonial-author\">\r\n                - <span class=\"mkd-testimonial-author-text\"> Sergi Abelenda -Audioson- <\/span>\r\n            <\/h5>\r\n        \r\n            <\/div>\r\n<\/div>\r\n<div class=\"mkd-testimonial-content mkd-testimonials5623\">\r\n    <div class=\"mkd-testimonial-content-inner\">\r\n        <div class=\"mkd-testimonial-text-outer\">\r\n            <h2 class=\"mkd-testimonial-text\">\"Muy profesionales, gran mejora en nuestra identidad corporativa\"<\/h2>\r\n        <\/div>\r\n                    <h5 class=\"mkd-testimonial-author\">\r\n                - <span class=\"mkd-testimonial-author-text\"> Julia Tapia -Club N\u00e0utic Port de la Selva- <\/span>\r\n            <\/h5>\r\n        \r\n            <\/div>\r\n<\/div>\r\n<\/div><\/div>[\/vc_column][\/vc_row]<\/p>\n<\/body>","protected":false},"excerpt":{"rendered":"<p>[vc_row row_type=\u201dparallax\u201d full_screen_section_height=\u201dno\u201d parallax_background_image=\u201d13604\u2033][vc_column][vc_column_text css=\u201d.vc_custom_1560243382419{padding-top: 250px !important;padding-bottom: 250px !important;}\u201d] Conoce&#8230;<\/p>\n","protected":false},"author":2,"featured_media":0,"parent":0,"menu_order":0,"comment_status":"closed","ping_status":"closed","template":"full-width.php","meta":{"om_disable_all_campaigns":false,"_monsterinsights_skip_tracking":false,"_monsterinsights_sitenote_active":false,"_monsterinsights_sitenote_note":"","_monsterinsights_sitenote_category":0,"footnotes":""},"class_list":["post-12275","page","type-page","status-publish","hentry"],"translation":{"provider":"WPGlobus","version":"3.0.2","language":"es","enabled_languages":["ca","es","en"],"languages":{"ca":{"title":true,"content":true,"excerpt":false},"es":{"title":true,"content":true,"excerpt":false},"en":{"title":true,"content":true,"excerpt":false}}},"yoast_head":"<!-- This site is optimized with the Yoast SEO plugin v27.4 - https:\/\/yoast.com\/product\/yoast-seo-wordpress\/ -->\n<title>Nosotros - Wacamole creative studio<\/title>\n<meta name=\"robots\" content=\"index, follow, max-snippet:-1, max-image-preview:large, max-video-preview:-1\" \/>\n<link rel=\"canonical\" href=\"https:\/\/www.wacamole.net\/nosaltres\/\" \/>\n<meta property=\"og:locale\" content=\"es_ES\" \/>\n<meta property=\"og:type\" content=\"article\" \/>\n<meta property=\"og:title\" content=\"Nosotros - Wacamole creative studio\" \/>\n<meta property=\"og:url\" content=\"https:\/\/www.wacamole.net\/nosaltres\/\" \/>\n<meta property=\"og:site_name\" content=\"Wacamole creative studio\" \/>\n<meta property=\"article:publisher\" content=\"https:\/\/www.facebook.com\/estudiowacamole\/\" \/>\n<meta property=\"article:modified_time\" content=\"2023-02-28T08:52:45+00:00\" \/>\n<meta name=\"twitter:card\" content=\"summary_large_image\" \/>\n<meta name=\"twitter:site\" content=\"@WACAMOLEstudio\" \/>\n<meta name=\"twitter:label1\" content=\"Tiempo de lectura\" \/>\n\t<meta name=\"twitter:data1\" content=\"1 minuto\" \/>\n<script type=\"application\/ld+json\" class=\"yoast-schema-graph\">{\"@context\":\"https:\\\/\\\/schema.org\",\"@graph\":[{\"@type\":\"WebPage\",\"@id\":\"https:\\\/\\\/www.wacamole.net\\\/nosaltres\\\/\",\"url\":\"https:\\\/\\\/www.wacamole.net\\\/nosaltres\\\/\",\"name\":\"Nosotros - Wacamole creative studio\",\"isPartOf\":{\"@id\":\"https:\\\/\\\/www.wacamole.net\\\/#website\"},\"datePublished\":\"2019-05-27T08:45:50+00:00\",\"dateModified\":\"2023-02-28T08:52:45+00:00\",\"description\":\"Get to know our team and what our customers say about us! We are a small team with big ideas.\",\"breadcrumb\":{\"@id\":\"https:\\\/\\\/www.wacamole.net\\\/nosaltres\\\/#breadcrumb\"},\"inLanguage\":\"es\",\"potentialAction\":[{\"@type\":\"ReadAction\",\"target\":[\"https:\\\/\\\/www.wacamole.net\\\/nosaltres\\\/\"]}]},{\"@type\":\"BreadcrumbList\",\"@id\":\"https:\\\/\\\/www.wacamole.net\\\/nosaltres\\\/#breadcrumb\",\"itemListElement\":[{\"@type\":\"ListItem\",\"position\":1,\"name\":\"Home\",\"item\":\"https:\\\/\\\/www.wacamole.net\\\/\"},{\"@type\":\"ListItem\",\"position\":2,\"name\":\"Nosotros\"}]},{\"@type\":\"WebSite\",\"@id\":\"https:\\\/\\\/www.wacamole.net\\\/#website\",\"url\":\"https:\\\/\\\/www.wacamole.net\\\/\",\"name\":\"Wacamole creative studio\",\"description\":\"Agencia de publicidad\",\"potentialAction\":[{\"@type\":\"SearchAction\",\"target\":{\"@type\":\"EntryPoint\",\"urlTemplate\":\"https:\\\/\\\/www.wacamole.net\\\/?s={search_term_string}\"},\"query-input\":{\"@type\":\"PropertyValueSpecification\",\"valueRequired\":true,\"valueName\":\"search_term_string\"}}],\"inLanguage\":\"es\"}]}<\/script>\n<!-- \/ Yoast SEO plugin. -->","yoast_head_json":{"title":"Nosotros - Wacamole creative studio","robots":{"index":"index","follow":"follow","max-snippet":"max-snippet:-1","max-image-preview":"max-image-preview:large","max-video-preview":"max-video-preview:-1"},"canonical":"https:\/\/www.wacamole.net\/nosaltres\/","og_locale":"es_ES","og_type":"article","og_title":"Nosotros - Wacamole creative studio","og_url":"https:\/\/www.wacamole.net\/nosaltres\/","og_site_name":"Wacamole creative studio","article_publisher":"https:\/\/www.facebook.com\/estudiowacamole\/","article_modified_time":"2023-02-28T08:52:45+00:00","twitter_card":"summary_large_image","twitter_site":"@WACAMOLEstudio","twitter_misc":{"Tiempo de lectura":"1 minuto"},"schema":{"@context":"https:\/\/schema.org","@graph":[{"@type":"WebPage","@id":"https:\/\/www.wacamole.net\/nosaltres\/","url":"https:\/\/www.wacamole.net\/nosaltres\/","name":"Nosotros - Wacamole creative studio","isPartOf":{"@id":"https:\/\/www.wacamole.net\/#website"},"datePublished":"2019-05-27T08:45:50+00:00","dateModified":"2023-02-28T08:52:45+00:00","description":"Get to know our team and what our customers say about us! We are a small team with big ideas.","breadcrumb":{"@id":"https:\/\/www.wacamole.net\/nosaltres\/#breadcrumb"},"inLanguage":"es","potentialAction":[{"@type":"ReadAction","target":["https:\/\/www.wacamole.net\/nosaltres\/"]}]},{"@type":"BreadcrumbList","@id":"https:\/\/www.wacamole.net\/nosaltres\/#breadcrumb","itemListElement":[{"@type":"ListItem","position":1,"name":"Home","item":"https:\/\/www.wacamole.net\/"},{"@type":"ListItem","position":2,"name":"Nosotros"}]},{"@type":"WebSite","@id":"https:\/\/www.wacamole.net\/#website","url":"https:\/\/www.wacamole.net\/","name":"Wacamole creative studio","description":"Agencia de publicidad","potentialAction":[{"@type":"SearchAction","target":{"@type":"EntryPoint","urlTemplate":"https:\/\/www.wacamole.net\/?s={search_term_string}"},"query-input":{"@type":"PropertyValueSpecification","valueRequired":true,"valueName":"search_term_string"}}],"inLanguage":"es"}]}},"jetpack_sharing_enabled":true,"_links":{"self":[{"href":"https:\/\/www.wacamole.net\/es\/wp-json\/wp\/v2\/pages\/12275","targetHints":{"allow":["GET"]}}],"collection":[{"href":"https:\/\/www.wacamole.net\/es\/wp-json\/wp\/v2\/pages"}],"about":[{"href":"https:\/\/www.wacamole.net\/es\/wp-json\/wp\/v2\/types\/page"}],"author":[{"embeddable":true,"href":"https:\/\/www.wacamole.net\/es\/wp-json\/wp\/v2\/users\/2"}],"replies":[{"embeddable":true,"href":"https:\/\/www.wacamole.net\/es\/wp-json\/wp\/v2\/comments?post=12275"}],"version-history":[{"count":6,"href":"https:\/\/www.wacamole.net\/es\/wp-json\/wp\/v2\/pages\/12275\/revisions"}],"predecessor-version":[{"id":13787,"href":"https:\/\/www.wacamole.net\/es\/wp-json\/wp\/v2\/pages\/12275\/revisions\/13787"}],"wp:attachment":[{"href":"https:\/\/www.wacamole.net\/es\/wp-json\/wp\/v2\/media?parent=12275"}],"curies":[{"name":"wp","href":"https:\/\/api.w.org\/{rel}","templated":true}]}}